{"id":548,"date":"2025-01-03T11:05:39","date_gmt":"2025-01-03T10:05:39","guid":{"rendered":"https:\/\/desarrollo.remachesab.com\/contato\/"},"modified":"2025-02-06T14:24:25","modified_gmt":"2025-02-06T13:24:25","slug":"contato","status":"publish","type":"page","link":"https:\/\/www.remachesab.com\/pt-pt\/contato\/","title":{"rendered":"Contato"},"content":{"rendered":"\t\t<div data-elementor-type=\"wp-page\" data-elementor-id=\"548\" class=\"elementor elementor-548 elementor-181\" data-elementor-post-type=\"page\">\n\t\t\t\t<div class=\"elementor-element elementor-element-239dc7d e-con-full e-flex e-con e-child\" data-id=\"239dc7d\" data-element_type=\"container\">\n\t\t<div class=\"elementor-element elementor-element-dca23ef e-con-full e-flex e-con e-child\" data-id=\"dca23ef\" data-element_type=\"container\">\n\t\t\t\t<div class=\"elementor-element elementor-element-d21f5e5 elementor-invisible elementor-widget elementor-widget-image\" data-id=\"d21f5e5\" data-element_type=\"widget\" data-settings=\"{&quot;_animation&quot;:&quot;fadeInUp&quot;}\" data-widget_type=\"image.default\">\n\t\t\t\t<div class=\"elementor-widget-container\">\n\t\t\t\t\t\t\t\t\t\t\t\t\t\t\t\t<a href=\"\/\">\n\t\t\t\t\t\t\t<img decoding=\"async\" width=\"320\" height=\"58\" src=\"https:\/\/www.remachesab.com\/wp-content\/uploads\/2024\/12\/Grupo-126.png\" class=\"attachment-full size-full wp-image-1124\" alt=\"Remaches Albacete\" srcset=\"https:\/\/www.remachesab.com\/wp-content\/uploads\/2024\/12\/Grupo-126.png 320w, https:\/\/www.remachesab.com\/wp-content\/uploads\/2024\/12\/Grupo-126-300x54.png 300w\" sizes=\"(max-width: 320px) 100vw, 320px\" \/>\t\t\t\t\t\t\t\t<\/a>\n\t\t\t\t\t\t\t\t\t\t\t\t\t\t\t<\/div>\n\t\t\t\t<\/div>\n\t\t\t\t<div class=\"elementor-element elementor-element-5a25b49 elementor-widget elementor-widget-heading\" data-id=\"5a25b49\" data-element_type=\"widget\" data-widget_type=\"heading.default\">\n\t\t\t\t<div class=\"elementor-widget-container\">\n\t\t\t\t\t<h2 class=\"elementor-heading-title elementor-size-default\">TRADI\u00c7\u00c3O FAMILIAR <span>E PRECIS\u00c3O DE PONTA<\/span><\/h2>\t\t\t\t<\/div>\n\t\t\t\t<\/div>\n\t\t\t\t<div class=\"elementor-element elementor-element-27864e1 elementor-icon-list--layout-traditional elementor-list-item-link-full_width elementor-widget elementor-widget-icon-list\" data-id=\"27864e1\" data-element_type=\"widget\" data-widget_type=\"icon-list.default\">\n\t\t\t\t<div class=\"elementor-widget-container\">\n\t\t\t\t\t\t\t<ul class=\"elementor-icon-list-items\">\n\t\t\t\t\t\t\t<li class=\"elementor-icon-list-item\">\n\t\t\t\t\t\t\t\t\t\t\t<a href=\"tel:967%20210%20743\">\n\n\t\t\t\t\t\t\t\t\t\t\t\t<span class=\"elementor-icon-list-icon\">\n\t\t\t\t\t\t\t<svg aria-hidden=\"true\" class=\"e-font-icon-svg e-fas-phone-alt\" viewBox=\"0 0 512 512\" xmlns=\"http:\/\/www.w3.org\/2000\/svg\"><path d=\"M497.39 361.8l-112-48a24 24 0 0 0-28 6.9l-49.6 60.6A370.66 370.66 0 0 1 130.6 204.11l60.6-49.6a23.94 23.94 0 0 0 6.9-28l-48-112A24.16 24.16 0 0 0 122.6.61l-104 24A24 24 0 0 0 0 48c0 256.5 207.9 464 464 464a24 24 0 0 0 23.4-18.6l24-104a24.29 24.29 0 0 0-14.01-27.6z\"><\/path><\/svg>\t\t\t\t\t\t<\/span>\n\t\t\t\t\t\t\t\t\t\t<span class=\"elementor-icon-list-text\">967 210 743<\/span>\n\t\t\t\t\t\t\t\t\t\t\t<\/a>\n\t\t\t\t\t\t\t\t\t<\/li>\n\t\t\t\t\t\t\t\t<li class=\"elementor-icon-list-item\">\n\t\t\t\t\t\t\t\t\t\t\t<a href=\"https:\/\/www.google.com\/maps?ll=39.014558,-1.891766&#038;z=15&#038;t=m&#038;hl=es-ES&#038;gl=US&#038;mapclient=embed&#038;q=C.+F,+35,+nave+1+02007+Albacete\" target=\"_blank\">\n\n\t\t\t\t\t\t\t\t\t\t\t\t<span class=\"elementor-icon-list-icon\">\n\t\t\t\t\t\t\t<svg aria-hidden=\"true\" class=\"e-font-icon-svg e-far-building\" viewBox=\"0 0 448 512\" xmlns=\"http:\/\/www.w3.org\/2000\/svg\"><path d=\"M128 148v-40c0-6.6 5.4-12 12-12h40c6.6 0 12 5.4 12 12v40c0 6.6-5.4 12-12 12h-40c-6.6 0-12-5.4-12-12zm140 12h40c6.6 0 12-5.4 12-12v-40c0-6.6-5.4-12-12-12h-40c-6.6 0-12 5.4-12 12v40c0 6.6 5.4 12 12 12zm-128 96h40c6.6 0 12-5.4 12-12v-40c0-6.6-5.4-12-12-12h-40c-6.6 0-12 5.4-12 12v40c0 6.6 5.4 12 12 12zm128 0h40c6.6 0 12-5.4 12-12v-40c0-6.6-5.4-12-12-12h-40c-6.6 0-12 5.4-12 12v40c0 6.6 5.4 12 12 12zm-76 84v-40c0-6.6-5.4-12-12-12h-40c-6.6 0-12 5.4-12 12v40c0 6.6 5.4 12 12 12h40c6.6 0 12-5.4 12-12zm76 12h40c6.6 0 12-5.4 12-12v-40c0-6.6-5.4-12-12-12h-40c-6.6 0-12 5.4-12 12v40c0 6.6 5.4 12 12 12zm180 124v36H0v-36c0-6.6 5.4-12 12-12h19.5V24c0-13.3 10.7-24 24-24h337c13.3 0 24 10.7 24 24v440H436c6.6 0 12 5.4 12 12zM79.5 463H192v-67c0-6.6 5.4-12 12-12h40c6.6 0 12 5.4 12 12v67h112.5V49L80 48l-.5 415z\"><\/path><\/svg>\t\t\t\t\t\t<\/span>\n\t\t\t\t\t\t\t\t\t\t<span class=\"elementor-icon-list-text\">Parque Empresarial Campollano, Calle F, N\u00ba35, Nave 1, 02007 - Albacete<\/span>\n\t\t\t\t\t\t\t\t\t\t\t<\/a>\n\t\t\t\t\t\t\t\t\t<\/li>\n\t\t\t\t\t\t\t\t<li class=\"elementor-icon-list-item\">\n\t\t\t\t\t\t\t\t\t\t\t<a href=\"mailto:info@remachesab.com\">\n\n\t\t\t\t\t\t\t\t\t\t\t\t<span class=\"elementor-icon-list-icon\">\n\t\t\t\t\t\t\t<svg aria-hidden=\"true\" class=\"e-font-icon-svg e-far-envelope\" viewBox=\"0 0 512 512\" xmlns=\"http:\/\/www.w3.org\/2000\/svg\"><path d=\"M464 64H48C21.49 64 0 85.49 0 112v288c0 26.51 21.49 48 48 48h416c26.51 0 48-21.49 48-48V112c0-26.51-21.49-48-48-48zm0 48v40.805c-22.422 18.259-58.168 46.651-134.587 106.49-16.841 13.247-50.201 45.072-73.413 44.701-23.208.375-56.579-31.459-73.413-44.701C106.18 199.465 70.425 171.067 48 152.805V112h416zM48 400V214.398c22.914 18.251 55.409 43.862 104.938 82.646 21.857 17.205 60.134 55.186 103.062 54.955 42.717.231 80.509-37.199 103.053-54.947 49.528-38.783 82.032-64.401 104.947-82.653V400H48z\"><\/path><\/svg>\t\t\t\t\t\t<\/span>\n\t\t\t\t\t\t\t\t\t\t<span class=\"elementor-icon-list-text\">info@remachesab.com<\/span>\n\t\t\t\t\t\t\t\t\t\t\t<\/a>\n\t\t\t\t\t\t\t\t\t<\/li>\n\t\t\t\t\t\t<\/ul>\n\t\t\t\t\t\t<\/div>\n\t\t\t\t<\/div>\n\t\t\t\t<\/div>\n\t\t<div class=\"elementor-element elementor-element-1279624 e-con-full e-flex elementor-invisible e-con e-child\" data-id=\"1279624\" data-element_type=\"container\" data-settings=\"{&quot;background_background&quot;:&quot;classic&quot;,&quot;animation&quot;:&quot;fadeInRight&quot;}\">\n\t\t\t\t<div class=\"elementor-element elementor-element-b6565fd elementor-widget elementor-widget-heading\" data-id=\"b6565fd\" data-element_type=\"widget\" data-widget_type=\"heading.default\">\n\t\t\t\t<div class=\"elementor-widget-container\">\n\t\t\t\t\t<h3 class=\"elementor-heading-title elementor-size-default\">Contate-nos<\/h3>\t\t\t\t<\/div>\n\t\t\t\t<\/div>\n\t\t\t\t<div class=\"elementor-element elementor-element-cf1564f elementor-button-align-start elementor-widget elementor-widget-form\" data-id=\"cf1564f\" data-element_type=\"widget\" data-settings=\"{&quot;step_next_label&quot;:&quot;Seguinte&quot;,&quot;step_previous_label&quot;:&quot;Anterior&quot;,&quot;button_width&quot;:&quot;100&quot;,&quot;step_type&quot;:&quot;number_text&quot;,&quot;step_icon_shape&quot;:&quot;circle&quot;}\" data-widget_type=\"form.default\">\n\t\t\t\t<div class=\"elementor-widget-container\">\n\t\t\t\t\t\t\t<form class=\"elementor-form\" method=\"post\" name=\"Novo Formul\u00e1rio\">\n\t\t\t<input type=\"hidden\" name=\"post_id\" value=\"548\"\/>\n\t\t\t<input type=\"hidden\" name=\"form_id\" value=\"cf1564f\"\/>\n\t\t\t<input type=\"hidden\" name=\"referer_title\" value=\"Contato - Remaches Albacete\" \/>\n\n\t\t\t\t\t\t\t<input type=\"hidden\" name=\"queried_id\" value=\"548\"\/>\n\t\t\t\n\t\t\t<div class=\"elementor-form-fields-wrapper elementor-labels-above\">\n\t\t\t\t\t\t\t\t<div class=\"elementor-field-type-select elementor-field-group elementor-column elementor-field-group-field_a75b016 elementor-col-100 elementor-field-required elementor-mark-required\">\n\t\t\t\t\t\t\t\t\t\t\t\t<label for=\"form-field-field_a75b016\" class=\"elementor-field-label\">\n\t\t\t\t\t\t\t\tMotivo da consulta\t\t\t\t\t\t\t<\/label>\n\t\t\t\t\t\t\t\t<div class=\"elementor-field elementor-select-wrapper remove-before \">\n\t\t\t<div class=\"select-caret-down-wrapper\">\n\t\t\t\t<svg aria-hidden=\"true\" class=\"e-font-icon-svg e-eicon-caret-down\" viewBox=\"0 0 571.4 571.4\" xmlns=\"http:\/\/www.w3.org\/2000\/svg\"><path d=\"M571 393Q571 407 561 418L311 668Q300 679 286 679T261 668L11 418Q0 407 0 393T11 368 36 357H536Q550 357 561 368T571 393Z\"><\/path><\/svg>\t\t\t<\/div>\n\t\t\t<select name=\"form_fields[field_a75b016]\" id=\"form-field-field_a75b016\" class=\"elementor-field-textual elementor-size-sm\" required=\"required\" aria-required=\"true\">\n\t\t\t\t\t\t\t\t\t<option value=\"Informa\u00e7\u00f5es Or\u00e7ament\u00e1rias\">Informa\u00e7\u00f5es Or\u00e7ament\u00e1rias<\/option>\n\t\t\t\t\t\t\t\t\t<option value=\"\"><\/option>\n\t\t\t\t\t\t\t\t\t<option value=\"Outros\">Outros<\/option>\n\t\t\t\t\t\t\t<\/select>\n\t\t<\/div>\n\t\t\t\t\t\t<\/div>\n\t\t\t\t\t\t\t\t<div class=\"elementor-field-type-text elementor-field-group elementor-column elementor-field-group-name elementor-col-100 elementor-field-required elementor-mark-required\">\n\t\t\t\t\t\t\t\t\t\t\t\t<label for=\"form-field-name\" class=\"elementor-field-label\">\n\t\t\t\t\t\t\t\tNome\t\t\t\t\t\t\t<\/label>\n\t\t\t\t\t\t\t\t\t\t\t\t\t\t<input size=\"1\" type=\"text\" name=\"form_fields[name]\" id=\"form-field-name\" class=\"elementor-field elementor-size-sm  elementor-field-textual\" placeholder=\"Nome\" required=\"required\" aria-required=\"true\">\n\t\t\t\t\t\t\t\t\t\t\t<\/div>\n\t\t\t\t\t\t\t\t<div class=\"elementor-field-type-email elementor-field-group elementor-column elementor-field-group-email elementor-col-100 elementor-field-required elementor-mark-required\">\n\t\t\t\t\t\t\t\t\t\t\t\t<label for=\"form-field-email\" class=\"elementor-field-label\">\n\t\t\t\t\t\t\t\tEmail\t\t\t\t\t\t\t<\/label>\n\t\t\t\t\t\t\t\t\t\t\t\t\t\t<input size=\"1\" type=\"email\" name=\"form_fields[email]\" id=\"form-field-email\" class=\"elementor-field elementor-size-sm  elementor-field-textual\" placeholder=\"Email\" required=\"required\" aria-required=\"true\">\n\t\t\t\t\t\t\t\t\t\t\t<\/div>\n\t\t\t\t\t\t\t\t<div class=\"elementor-field-type-tel elementor-field-group elementor-column elementor-field-group-field_f38f9a3 elementor-col-100 elementor-field-required elementor-mark-required\">\n\t\t\t\t\t\t\t\t\t\t\t\t<label for=\"form-field-field_f38f9a3\" class=\"elementor-field-label\">\n\t\t\t\t\t\t\t\tN\u00famero de telefone de contato\t\t\t\t\t\t\t<\/label>\n\t\t\t\t\t\t\t\t<input size=\"1\" type=\"tel\" name=\"form_fields[field_f38f9a3]\" id=\"form-field-field_f38f9a3\" class=\"elementor-field elementor-size-sm  elementor-field-textual\" placeholder=\"N\u00famero de telefone de contato\" required=\"required\" aria-required=\"true\" pattern=\"[0-9()#&amp;+*-=.]+\" title=\"Only numbers and phone characters (#, -, *, etc) are accepted.\">\n\n\t\t\t\t\t\t<\/div>\n\t\t\t\t\t\t\t\t<div class=\"elementor-field-type-textarea elementor-field-group elementor-column elementor-field-group-message elementor-col-100\">\n\t\t\t\t\t\t\t\t\t\t\t\t<label for=\"form-field-message\" class=\"elementor-field-label\">\n\t\t\t\t\t\t\t\tMensagem\t\t\t\t\t\t\t<\/label>\n\t\t\t\t\t\t<textarea class=\"elementor-field-textual elementor-field  elementor-size-sm\" name=\"form_fields[message]\" id=\"form-field-message\" rows=\"4\" placeholder=\"Diga-nos o que voc\u00ea precisa\"><\/textarea>\t\t\t\t<\/div>\n\t\t\t\t\t\t\t\t<div class=\"elementor-field-type-acceptance elementor-field-group elementor-column elementor-field-group-field_05f28a0 elementor-col-100 elementor-field-required elementor-mark-required\">\n\t\t\t\t\t\t\t<div class=\"elementor-field-subgroup\">\n\t\t\t<span class=\"elementor-field-option\">\n\t\t\t\t<input type=\"checkbox\" name=\"form_fields[field_05f28a0]\" id=\"form-field-field_05f28a0\" class=\"elementor-field elementor-size-sm  elementor-acceptance-field\" required=\"required\" aria-required=\"true\">\n\t\t\t\t<label for=\"form-field-field_05f28a0\">Li e aceito os termos e condi\u00e7\u00f5es<\/label>\t\t\t<\/span>\n\t\t<\/div>\n\t\t\t\t\t\t<\/div>\n\t\t\t\t\t\t\t\t<div class=\"elementor-field-type-recaptcha_v3 elementor-field-group elementor-column elementor-field-group-field_4492e71 elementor-col-100 recaptcha_v3-bottomright\">\n\t\t\t\t\t<div class=\"elementor-field\" id=\"form-field-field_4492e71\"><div class=\"elementor-g-recaptcha\" data-sitekey=\"6Ldh_KwqAAAAAPfBqau4B5r_u8C3P-QZWb--EU9Z\" data-type=\"v3\" data-action=\"Form\" data-badge=\"bottomright\" data-size=\"invisible\"><\/div><\/div>\t\t\t\t<\/div>\n\t\t\t\t\t\t\t\t<div class=\"elementor-field-group elementor-column elementor-field-type-submit elementor-col-100 e-form__buttons\">\n\t\t\t\t\t<button class=\"elementor-button elementor-size-sm\" type=\"submit\">\n\t\t\t\t\t\t<span class=\"elementor-button-content-wrapper\">\n\t\t\t\t\t\t\t\t\t\t\t\t\t\t\t\t\t\t\t\t\t\t<span class=\"elementor-button-text\">Enviar<\/span>\n\t\t\t\t\t\t\t\t\t\t\t\t\t<\/span>\n\t\t\t\t\t<\/button>\n\t\t\t\t<\/div>\n\t\t\t<\/div>\n\t\t<\/form>\n\t\t\t\t\t\t<\/div>\n\t\t\t\t<\/div>\n\t\t\t\t<\/div>\n\t\t\t\t<\/div>\n\t\t<div class=\"elementor-element elementor-element-2d2ff89 e-flex e-con-boxed e-con e-parent\" data-id=\"2d2ff89\" data-element_type=\"container\">\n\t\t\t\t\t<div class=\"e-con-inner\">\n\t\t\t\t<div class=\"elementor-element elementor-element-e09dd3e elementor-invisible elementor-widget elementor-widget-google_maps\" data-id=\"e09dd3e\" data-element_type=\"widget\" data-settings=\"{&quot;_animation&quot;:&quot;fadeInUp&quot;}\" data-widget_type=\"google_maps.default\">\n\t\t\t\t<div class=\"elementor-widget-container\">\n\t\t\t\t\t\t\t<div class=\"elementor-custom-embed\">\n\t\t\t<iframe loading=\"lazy\"\n\t\t\t\t\tsrc=\"https:\/\/maps.google.com\/maps?q=Parque%20Empresarial%20Campollano%2C%20Calle%20F%2035%20Nave%201%2002007&#038;t=m&#038;z=15&#038;output=embed&#038;iwloc=near\"\n\t\t\t\t\ttitle=\"Parque Empresarial Campollano, Calle F 35 Nave 1 02007\"\n\t\t\t\t\taria-label=\"Parque Empresarial Campollano, Calle F 35 Nave 1 02007\"\n\t\t\t><\/iframe>\n\t\t<\/div>\n\t\t\t\t\t\t<\/div>\n\t\t\t\t<\/div>\n\t\t\t\t\t<\/div>\n\t\t\t\t<\/div>\n\t\t\t\t<\/div>\n\t\t","protected":false},"excerpt":{"rendered":"<p>TRADI\u00c7\u00c3O FAMILIAR E PRECIS\u00c3O DE PONTA 967 210 743 Parque Empresarial Campollano, Calle F, N\u00ba35, Nave 1, 02007 &#8211; Albacete info@remachesab.com Contate-nos<\/p>\n","protected":false},"author":1,"featured_media":0,"parent":0,"menu_order":0,"comment_status":"closed","ping_status":"closed","template":"","meta":{"footnotes":""},"class_list":["post-548","page","type-page","status-publish","hentry"],"yoast_head":"<!-- This site is optimized with the Yoast SEO plugin v25.0 - https:\/\/yoast.com\/wordpress\/plugins\/seo\/ -->\n<title>Contato - Remaches Albacete<\/title>\n<meta name=\"robots\" content=\"index, follow, max-snippet:-1, max-image-preview:large, max-video-preview:-1\" \/>\n<link rel=\"canonical\" href=\"https:\/\/www.remachesab.com\/pt-pt\/contato\/\" \/>\n<meta property=\"og:locale\" content=\"pt_PT\" \/>\n<meta property=\"og:type\" content=\"article\" \/>\n<meta property=\"og:title\" content=\"Contato - Remaches Albacete\" \/>\n<meta property=\"og:description\" content=\"TRADI\u00c7\u00c3O FAMILIAR E PRECIS\u00c3O DE PONTA 967 210 743 Parque Empresarial Campollano, Calle F, N\u00ba35, Nave 1, 02007 &#8211; Albacete info@remachesab.com Contate-nos\" \/>\n<meta property=\"og:url\" content=\"https:\/\/www.remachesab.com\/pt-pt\/contato\/\" \/>\n<meta property=\"og:site_name\" content=\"Remaches Albacete\" \/>\n<meta property=\"article:modified_time\" content=\"2025-02-06T13:24:25+00:00\" \/>\n<meta property=\"og:image\" content=\"https:\/\/www.remachesab.com\/wp-content\/uploads\/2024\/12\/Grupo-126.png\" \/>\n<meta name=\"twitter:card\" content=\"summary_large_image\" \/>\n<script type=\"application\/ld+json\" class=\"yoast-schema-graph\">{\"@context\":\"https:\/\/schema.org\",\"@graph\":[{\"@type\":\"WebPage\",\"@id\":\"https:\/\/www.remachesab.com\/pt-pt\/contato\/\",\"url\":\"https:\/\/www.remachesab.com\/pt-pt\/contato\/\",\"name\":\"Contato - Remaches Albacete\",\"isPartOf\":{\"@id\":\"https:\/\/www.remachesab.com\/pt-pt\/#website\"},\"primaryImageOfPage\":{\"@id\":\"https:\/\/www.remachesab.com\/pt-pt\/contato\/#primaryimage\"},\"image\":{\"@id\":\"https:\/\/www.remachesab.com\/pt-pt\/contato\/#primaryimage\"},\"thumbnailUrl\":\"https:\/\/www.remachesab.com\/wp-content\/uploads\/2024\/12\/Grupo-126.png\",\"datePublished\":\"2025-01-03T10:05:39+00:00\",\"dateModified\":\"2025-02-06T13:24:25+00:00\",\"breadcrumb\":{\"@id\":\"https:\/\/www.remachesab.com\/pt-pt\/contato\/#breadcrumb\"},\"inLanguage\":\"pt-PT\",\"potentialAction\":[{\"@type\":\"ReadAction\",\"target\":[\"https:\/\/www.remachesab.com\/pt-pt\/contato\/\"]}]},{\"@type\":\"ImageObject\",\"inLanguage\":\"pt-PT\",\"@id\":\"https:\/\/www.remachesab.com\/pt-pt\/contato\/#primaryimage\",\"url\":\"https:\/\/www.remachesab.com\/wp-content\/uploads\/2024\/12\/Grupo-126.png\",\"contentUrl\":\"https:\/\/www.remachesab.com\/wp-content\/uploads\/2024\/12\/Grupo-126.png\"},{\"@type\":\"BreadcrumbList\",\"@id\":\"https:\/\/www.remachesab.com\/pt-pt\/contato\/#breadcrumb\",\"itemListElement\":[{\"@type\":\"ListItem\",\"position\":1,\"name\":\"Portada\",\"item\":\"https:\/\/www.remachesab.com\/pt-pt\/\"},{\"@type\":\"ListItem\",\"position\":2,\"name\":\"Contato\"}]},{\"@type\":\"WebSite\",\"@id\":\"https:\/\/www.remachesab.com\/pt-pt\/#website\",\"url\":\"https:\/\/www.remachesab.com\/pt-pt\/\",\"name\":\"Remaches Albacete\",\"description\":\"Dise\u00f1amos y fabricamos soluciones de precisi\u00f3n para sectores como la cuchiller\u00eda, ortopedia y ganader\u00eda, entre otros sectores.\",\"publisher\":{\"@id\":\"https:\/\/www.remachesab.com\/pt-pt\/#organization\"},\"potentialAction\":[{\"@type\":\"SearchAction\",\"target\":{\"@type\":\"EntryPoint\",\"urlTemplate\":\"https:\/\/www.remachesab.com\/pt-pt\/?s={search_term_string}\"},\"query-input\":{\"@type\":\"PropertyValueSpecification\",\"valueRequired\":true,\"valueName\":\"search_term_string\"}}],\"inLanguage\":\"pt-PT\"},{\"@type\":\"Organization\",\"@id\":\"https:\/\/www.remachesab.com\/pt-pt\/#organization\",\"name\":\"Remaches Albacete\",\"url\":\"https:\/\/www.remachesab.com\/pt-pt\/\",\"logo\":{\"@type\":\"ImageObject\",\"inLanguage\":\"pt-PT\",\"@id\":\"https:\/\/www.remachesab.com\/pt-pt\/#\/schema\/logo\/image\/\",\"url\":\"https:\/\/www.remachesab.com\/wp-content\/uploads\/2024\/12\/Grupo-126.png\",\"contentUrl\":\"https:\/\/www.remachesab.com\/wp-content\/uploads\/2024\/12\/Grupo-126.png\",\"width\":320,\"height\":58,\"caption\":\"Remaches Albacete\"},\"image\":{\"@id\":\"https:\/\/www.remachesab.com\/pt-pt\/#\/schema\/logo\/image\/\"}}]}<\/script>\n<!-- \/ Yoast SEO plugin. -->","yoast_head_json":{"title":"Contato - Remaches Albacete","robots":{"index":"index","follow":"follow","max-snippet":"max-snippet:-1","max-image-preview":"max-image-preview:large","max-video-preview":"max-video-preview:-1"},"canonical":"https:\/\/www.remachesab.com\/pt-pt\/contato\/","og_locale":"pt_PT","og_type":"article","og_title":"Contato - Remaches Albacete","og_description":"TRADI\u00c7\u00c3O FAMILIAR E PRECIS\u00c3O DE PONTA 967 210 743 Parque Empresarial Campollano, Calle F, N\u00ba35, Nave 1, 02007 &#8211; Albacete info@remachesab.com Contate-nos","og_url":"https:\/\/www.remachesab.com\/pt-pt\/contato\/","og_site_name":"Remaches Albacete","article_modified_time":"2025-02-06T13:24:25+00:00","og_image":[{"url":"https:\/\/www.remachesab.com\/wp-content\/uploads\/2024\/12\/Grupo-126.png","type":"","width":"","height":""}],"twitter_card":"summary_large_image","schema":{"@context":"https:\/\/schema.org","@graph":[{"@type":"WebPage","@id":"https:\/\/www.remachesab.com\/pt-pt\/contato\/","url":"https:\/\/www.remachesab.com\/pt-pt\/contato\/","name":"Contato - Remaches Albacete","isPartOf":{"@id":"https:\/\/www.remachesab.com\/pt-pt\/#website"},"primaryImageOfPage":{"@id":"https:\/\/www.remachesab.com\/pt-pt\/contato\/#primaryimage"},"image":{"@id":"https:\/\/www.remachesab.com\/pt-pt\/contato\/#primaryimage"},"thumbnailUrl":"https:\/\/www.remachesab.com\/wp-content\/uploads\/2024\/12\/Grupo-126.png","datePublished":"2025-01-03T10:05:39+00:00","dateModified":"2025-02-06T13:24:25+00:00","breadcrumb":{"@id":"https:\/\/www.remachesab.com\/pt-pt\/contato\/#breadcrumb"},"inLanguage":"pt-PT","potentialAction":[{"@type":"ReadAction","target":["https:\/\/www.remachesab.com\/pt-pt\/contato\/"]}]},{"@type":"ImageObject","inLanguage":"pt-PT","@id":"https:\/\/www.remachesab.com\/pt-pt\/contato\/#primaryimage","url":"https:\/\/www.remachesab.com\/wp-content\/uploads\/2024\/12\/Grupo-126.png","contentUrl":"https:\/\/www.remachesab.com\/wp-content\/uploads\/2024\/12\/Grupo-126.png"},{"@type":"BreadcrumbList","@id":"https:\/\/www.remachesab.com\/pt-pt\/contato\/#breadcrumb","itemListElement":[{"@type":"ListItem","position":1,"name":"Portada","item":"https:\/\/www.remachesab.com\/pt-pt\/"},{"@type":"ListItem","position":2,"name":"Contato"}]},{"@type":"WebSite","@id":"https:\/\/www.remachesab.com\/pt-pt\/#website","url":"https:\/\/www.remachesab.com\/pt-pt\/","name":"Remaches Albacete","description":"Dise\u00f1amos y fabricamos soluciones de precisi\u00f3n para sectores como la cuchiller\u00eda, ortopedia y ganader\u00eda, entre otros sectores.","publisher":{"@id":"https:\/\/www.remachesab.com\/pt-pt\/#organization"},"potentialAction":[{"@type":"SearchAction","target":{"@type":"EntryPoint","urlTemplate":"https:\/\/www.remachesab.com\/pt-pt\/?s={search_term_string}"},"query-input":{"@type":"PropertyValueSpecification","valueRequired":true,"valueName":"search_term_string"}}],"inLanguage":"pt-PT"},{"@type":"Organization","@id":"https:\/\/www.remachesab.com\/pt-pt\/#organization","name":"Remaches Albacete","url":"https:\/\/www.remachesab.com\/pt-pt\/","logo":{"@type":"ImageObject","inLanguage":"pt-PT","@id":"https:\/\/www.remachesab.com\/pt-pt\/#\/schema\/logo\/image\/","url":"https:\/\/www.remachesab.com\/wp-content\/uploads\/2024\/12\/Grupo-126.png","contentUrl":"https:\/\/www.remachesab.com\/wp-content\/uploads\/2024\/12\/Grupo-126.png","width":320,"height":58,"caption":"Remaches Albacete"},"image":{"@id":"https:\/\/www.remachesab.com\/pt-pt\/#\/schema\/logo\/image\/"}}]}},"_links":{"self":[{"href":"https:\/\/www.remachesab.com\/pt-pt\/wp-json\/wp\/v2\/pages\/548","targetHints":{"allow":["GET"]}}],"collection":[{"href":"https:\/\/www.remachesab.com\/pt-pt\/wp-json\/wp\/v2\/pages"}],"about":[{"href":"https:\/\/www.remachesab.com\/pt-pt\/wp-json\/wp\/v2\/types\/page"}],"author":[{"embeddable":true,"href":"https:\/\/www.remachesab.com\/pt-pt\/wp-json\/wp\/v2\/users\/1"}],"replies":[{"embeddable":true,"href":"https:\/\/www.remachesab.com\/pt-pt\/wp-json\/wp\/v2\/comments?post=548"}],"version-history":[{"count":2,"href":"https:\/\/www.remachesab.com\/pt-pt\/wp-json\/wp\/v2\/pages\/548\/revisions"}],"predecessor-version":[{"id":1284,"href":"https:\/\/www.remachesab.com\/pt-pt\/wp-json\/wp\/v2\/pages\/548\/revisions\/1284"}],"wp:attachment":[{"href":"https:\/\/www.remachesab.com\/pt-pt\/wp-json\/wp\/v2\/media?parent=548"}],"curies":[{"name":"wp","href":"https:\/\/api.w.org\/{rel}","templated":true}]}}